{"id":940,"date":"2021-07-13T11:27:02","date_gmt":"2021-07-13T11:27:02","guid":{"rendered":"https:\/\/salaevenimentecluj.ro\/?page_id=940"},"modified":"2021-07-28T11:48:22","modified_gmt":"2021-07-28T11:48:22","slug":"conferinte","status":"publish","type":"page","link":"https:\/\/salaevenimentecluj.ro\/index.php\/conferinte\/","title":{"rendered":"Conferinte"},"content":{"rendered":"\t\t<div data-elementor-type=\"wp-page\" data-elementor-id=\"940\" class=\"elementor elementor-940\">\n\t\t\t\t\t\t<div class=\"elementor-inner\">\n\t\t\t\t<div class=\"elementor-section-wrap\">\n\t\t\t\t\t\t\t\t\t<section class=\"elementor-section elementor-top-section elementor-element elementor-element-37a856f elementor-section-boxed elementor-section-height-default elementor-section-height-default\" data-id=\"37a856f\" data-element_type=\"section\" data-settings=\"{&quot;background_background&quot;:&quot;classic&quot;}\">\n\t\t\t\t\t\t\t<div class=\"elementor-background-overlay\"><\/div>\n\t\t\t\t\t\t\t<div class=\"elementor-container elementor-column-gap-default\">\n\t\t\t\t\t\t\t<div class=\"elementor-row\">\n\t\t\t\t\t<div class=\"elementor-column elementor-col-100 elementor-top-column elementor-element elementor-element-a1608ef\" data-id=\"a1608ef\" data-element_type=\"column\">\n\t\t\t<div class=\"elementor-column-wrap elementor-element-populated\">\n\t\t\t\t\t\t\t<div class=\"elementor-widget-wrap\">\n\t\t\t\t\t\t<div class=\"elementor-element elementor-element-8b6e30f elementor-invisible elementor-widget elementor-widget-heading\" data-id=\"8b6e30f\" data-element_type=\"widget\" data-settings=\"{&quot;_animation&quot;:&quot;fadeInDown&quot;}\" data-widget_type=\"heading.default\">\n\t\t\t\t<div class=\"elementor-widget-container\">\n\t\t\t<h2 class=\"elementor-heading-title elementor-size-default\">Conferin\u021be<\/h2>\t\t<\/div>\n\t\t\t\t<\/div>\n\t\t\t\t<div class=\"elementor-element elementor-element-fa7ffb7 elementor-widget elementor-widget-heading\" data-id=\"fa7ffb7\" data-element_type=\"widget\" data-widget_type=\"heading.default\">\n\t\t\t\t<div class=\"elementor-widget-container\">\n\t\t\t<h2 class=\"elementor-heading-title elementor-size-default\">Start cu Stil la conferin\u021be<\/h2>\t\t<\/div>\n\t\t\t\t<\/div>\n\t\t\t\t<div class=\"elementor-element elementor-element-b231e2f elementor-widget elementor-widget-button\" data-id=\"b231e2f\" data-element_type=\"widget\" data-widget_type=\"button.default\">\n\t\t\t\t<div class=\"elementor-widget-container\">\n\t\t\t\t\t<div class=\"elementor-button-wrapper\">\n\t\t\t<a href=\"\/index.php\/contact\/\" class=\"elementor-button-link elementor-button elementor-size-sm\" role=\"button\">\n\t\t\t\t\t\t<span class=\"elementor-button-content-wrapper\">\n\t\t\t\t\t\t<span class=\"elementor-button-text\">CERE OFERTA<\/span>\n\t\t<\/span>\n\t\t\t\t\t<\/a>\n\t\t<\/div>\n\t\t\t\t<\/div>\n\t\t\t\t<\/div>\n\t\t\t\t\t\t<\/div>\n\t\t\t\t\t<\/div>\n\t\t<\/div>\n\t\t\t\t\t\t\t\t<\/div>\n\t\t\t\t\t<\/div>\n\t\t<\/section>\n\t\t\t\t<section class=\"elementor-section elementor-top-section elementor-element elementor-element-8674566 elementor-section-boxed elementor-section-height-default elementor-section-height-default\" data-id=\"8674566\" data-element_type=\"section\">\n\t\t\t\t\t\t<div class=\"elementor-container elementor-column-gap-default\">\n\t\t\t\t\t\t\t<div class=\"elementor-row\">\n\t\t\t\t\t<div class=\"elementor-column elementor-col-16 elementor-top-column elementor-element elementor-element-26afb84\" data-id=\"26afb84\" data-element_type=\"column\" data-settings=\"{&quot;background_background&quot;:&quot;classic&quot;}\">\n\t\t\t<div class=\"elementor-column-wrap elementor-element-populated\">\n\t\t\t\t\t\t\t<div class=\"elementor-widget-wrap\">\n\t\t\t\t\t\t<div class=\"elementor-element elementor-element-bf0873f elementor-widget elementor-widget-image\" data-id=\"bf0873f\" data-element_type=\"widget\" data-widget_type=\"image.default\">\n\t\t\t\t<div class=\"elementor-widget-container\">\n\t\t\t\t\t\t\t\t<div class=\"elementor-image\">\n\t\t\t\t\t\t\t\t\t\t\t\t<img loading=\"lazy\" decoding=\"async\" width=\"1024\" height=\"1024\" src=\"https:\/\/salaevenimentecluj.ro\/wp-content\/uploads\/2021\/07\/air-conditioner-1.svg\" class=\"attachment-large size-large\" alt=\"\" \/>\t\t\t\t\t\t\t\t\t\t\t\t\t\t<\/div>\n\t\t\t\t\t\t<\/div>\n\t\t\t\t<\/div>\n\t\t\t\t<div class=\"elementor-element elementor-element-5eb4b20 elementor-widget elementor-widget-heading\" data-id=\"5eb4b20\" data-element_type=\"widget\" data-widget_type=\"heading.default\">\n\t\t\t\t<div class=\"elementor-widget-container\">\n\t\t\t<h2 class=\"elementor-heading-title elementor-size-default\">Aer Condi\u021bionat\n<\/h2>\t\t<\/div>\n\t\t\t\t<\/div>\n\t\t\t\t\t\t<\/div>\n\t\t\t\t\t<\/div>\n\t\t<\/div>\n\t\t\t\t<div class=\"elementor-column elementor-col-16 elementor-top-column elementor-element elementor-element-30a96ef\" data-id=\"30a96ef\" data-element_type=\"column\" data-settings=\"{&quot;background_background&quot;:&quot;classic&quot;}\">\n\t\t\t<div class=\"elementor-column-wrap elementor-element-populated\">\n\t\t\t\t\t\t\t<div class=\"elementor-widget-wrap\">\n\t\t\t\t\t\t<div class=\"elementor-element elementor-element-5148ba5 elementor-view-default elementor-widget elementor-widget-icon\" data-id=\"5148ba5\" data-element_type=\"widget\" data-widget_type=\"icon.default\">\n\t\t\t\t<div class=\"elementor-widget-container\">\n\t\t\t\t\t<div class=\"elementor-icon-wrapper\">\n\t\t\t<div class=\"elementor-icon\">\n\t\t\t<i aria-hidden=\"true\" class=\"fas fa-wifi\"><\/i>\t\t\t<\/div>\n\t\t<\/div>\n\t\t\t\t<\/div>\n\t\t\t\t<\/div>\n\t\t\t\t<div class=\"elementor-element elementor-element-e00a6a1 elementor-widget elementor-widget-heading\" data-id=\"e00a6a1\" data-element_type=\"widget\" data-widget_type=\"heading.default\">\n\t\t\t\t<div class=\"elementor-widget-container\">\n\t\t\t<h2 class=\"elementor-heading-title elementor-size-default\">Internet Wireless<\/h2>\t\t<\/div>\n\t\t\t\t<\/div>\n\t\t\t\t\t\t<\/div>\n\t\t\t\t\t<\/div>\n\t\t<\/div>\n\t\t\t\t<div class=\"elementor-column elementor-col-16 elementor-top-column elementor-element elementor-element-d67517a\" data-id=\"d67517a\" data-element_type=\"column\" data-settings=\"{&quot;background_background&quot;:&quot;classic&quot;}\">\n\t\t\t<div class=\"elementor-column-wrap elementor-element-populated\">\n\t\t\t\t\t\t\t<div class=\"elementor-widget-wrap\">\n\t\t\t\t\t\t<div class=\"elementor-element elementor-element-144f620 elementor-widget elementor-widget-image\" data-id=\"144f620\" data-element_type=\"widget\" data-widget_type=\"image.default\">\n\t\t\t\t<div class=\"elementor-widget-container\">\n\t\t\t\t\t\t\t\t<div class=\"elementor-image\">\n\t\t\t\t\t\t\t\t\t\t\t\t<img loading=\"lazy\" decoding=\"async\" width=\"1024\" height=\"1024\" src=\"https:\/\/salaevenimentecluj.ro\/wp-content\/uploads\/2021\/07\/curtain.svg\" class=\"attachment-large size-large\" alt=\"\" \/>\t\t\t\t\t\t\t\t\t\t\t\t\t\t<\/div>\n\t\t\t\t\t\t<\/div>\n\t\t\t\t<\/div>\n\t\t\t\t<div class=\"elementor-element elementor-element-4d8abd1 elementor-widget elementor-widget-heading\" data-id=\"4d8abd1\" data-element_type=\"widget\" data-widget_type=\"heading.default\">\n\t\t\t\t<div class=\"elementor-widget-container\">\n\t\t\t<h2 class=\"elementor-heading-title elementor-size-default\">Draperii Black-out<\/h2>\t\t<\/div>\n\t\t\t\t<\/div>\n\t\t\t\t\t\t<\/div>\n\t\t\t\t\t<\/div>\n\t\t<\/div>\n\t\t\t\t<div class=\"elementor-column elementor-col-16 elementor-top-column elementor-element elementor-element-17c661c\" data-id=\"17c661c\" data-element_type=\"column\" data-settings=\"{&quot;background_background&quot;:&quot;classic&quot;}\">\n\t\t\t<div class=\"elementor-column-wrap elementor-element-populated\">\n\t\t\t\t\t\t\t<div class=\"elementor-widget-wrap\">\n\t\t\t\t\t\t<div class=\"elementor-element elementor-element-d6e9cb1 elementor-view-default elementor-widget elementor-widget-icon\" data-id=\"d6e9cb1\" data-element_type=\"widget\" data-widget_type=\"icon.default\">\n\t\t\t\t<div class=\"elementor-widget-container\">\n\t\t\t\t\t<div class=\"elementor-icon-wrapper\">\n\t\t\t<div class=\"elementor-icon\">\n\t\t\t<i aria-hidden=\"true\" class=\"fas fa-video\"><\/i>\t\t\t<\/div>\n\t\t<\/div>\n\t\t\t\t<\/div>\n\t\t\t\t<\/div>\n\t\t\t\t<div class=\"elementor-element elementor-element-c541c0f elementor-widget elementor-widget-heading\" data-id=\"c541c0f\" data-element_type=\"widget\" data-widget_type=\"heading.default\">\n\t\t\t\t<div class=\"elementor-widget-container\">\n\t\t\t<h2 class=\"elementor-heading-title elementor-size-default\">Video Proiector<\/h2>\t\t<\/div>\n\t\t\t\t<\/div>\n\t\t\t\t\t\t<\/div>\n\t\t\t\t\t<\/div>\n\t\t<\/div>\n\t\t\t\t<div class=\"elementor-column elementor-col-16 elementor-top-column elementor-element elementor-element-b8004b5\" data-id=\"b8004b5\" data-element_type=\"column\" data-settings=\"{&quot;background_background&quot;:&quot;classic&quot;}\">\n\t\t\t<div class=\"elementor-column-wrap elementor-element-populated\">\n\t\t\t\t\t\t\t<div class=\"elementor-widget-wrap\">\n\t\t\t\t\t\t<div class=\"elementor-element elementor-element-c4ed565 elementor-view-default elementor-widget elementor-widget-icon\" data-id=\"c4ed565\" data-element_type=\"widget\" data-widget_type=\"icon.default\">\n\t\t\t\t<div class=\"elementor-widget-container\">\n\t\t\t\t\t<div class=\"elementor-icon-wrapper\">\n\t\t\t<div class=\"elementor-icon\">\n\t\t\t<i aria-hidden=\"true\" class=\"fas fa-chart-bar\"><\/i>\t\t\t<\/div>\n\t\t<\/div>\n\t\t\t\t<\/div>\n\t\t\t\t<\/div>\n\t\t\t\t<div class=\"elementor-element elementor-element-7c28486 elementor-widget elementor-widget-heading\" data-id=\"7c28486\" data-element_type=\"widget\" data-widget_type=\"heading.default\">\n\t\t\t\t<div class=\"elementor-widget-container\">\n\t\t\t<h2 class=\"elementor-heading-title elementor-size-default\">Flip Chart<\/h2>\t\t<\/div>\n\t\t\t\t<\/div>\n\t\t\t\t\t\t<\/div>\n\t\t\t\t\t<\/div>\n\t\t<\/div>\n\t\t\t\t<div class=\"elementor-column elementor-col-16 elementor-top-column elementor-element elementor-element-66f0537\" data-id=\"66f0537\" data-element_type=\"column\" data-settings=\"{&quot;background_background&quot;:&quot;classic&quot;}\">\n\t\t\t<div class=\"elementor-column-wrap elementor-element-populated\">\n\t\t\t\t\t\t\t<div class=\"elementor-widget-wrap\">\n\t\t\t\t\t\t<div class=\"elementor-element elementor-element-fe21649 elementor-view-default elementor-widget elementor-widget-icon\" data-id=\"fe21649\" data-element_type=\"widget\" data-widget_type=\"icon.default\">\n\t\t\t\t<div class=\"elementor-widget-container\">\n\t\t\t\t\t<div class=\"elementor-icon-wrapper\">\n\t\t\t<div class=\"elementor-icon\">\n\t\t\t<i aria-hidden=\"true\" class=\"fas fa-photo-video\"><\/i>\t\t\t<\/div>\n\t\t<\/div>\n\t\t\t\t<\/div>\n\t\t\t\t<\/div>\n\t\t\t\t<div class=\"elementor-element elementor-element-ad98e42 elementor-widget elementor-widget-heading\" data-id=\"ad98e42\" data-element_type=\"widget\" data-widget_type=\"heading.default\">\n\t\t\t\t<div class=\"elementor-widget-container\">\n\t\t\t<h2 class=\"elementor-heading-title elementor-size-default\">Sistem Audio-Video<\/h2>\t\t<\/div>\n\t\t\t\t<\/div>\n\t\t\t\t\t\t<\/div>\n\t\t\t\t\t<\/div>\n\t\t<\/div>\n\t\t\t\t\t\t\t\t<\/div>\n\t\t\t\t\t<\/div>\n\t\t<\/section>\n\t\t\t\t<section class=\"elementor-section elementor-top-section elementor-element elementor-element-905c3c8 elementor-section-boxed elementor-section-height-default elementor-section-height-default\" data-id=\"905c3c8\" data-element_type=\"section\">\n\t\t\t\t\t\t<div class=\"elementor-container elementor-column-gap-default\">\n\t\t\t\t\t\t\t<div class=\"elementor-row\">\n\t\t\t\t\t<div class=\"elementor-column elementor-col-50 elementor-top-column elementor-element elementor-element-db36ddf elementor-invisible\" data-id=\"db36ddf\" data-element_type=\"column\" data-settings=\"{&quot;animation&quot;:&quot;fadeInLeft&quot;}\">\n\t\t\t<div class=\"elementor-column-wrap elementor-element-populated\">\n\t\t\t\t\t\t\t<div class=\"elementor-widget-wrap\">\n\t\t\t\t\t\t<div class=\"elementor-element elementor-element-2aca36b elementor-widget elementor-widget-heading\" data-id=\"2aca36b\" data-element_type=\"widget\" data-widget_type=\"heading.default\">\n\t\t\t\t<div class=\"elementor-widget-container\">\n\t\t\t<h2 class=\"elementor-heading-title elementor-size-default\">Conferin\u021be<\/h2>\t\t<\/div>\n\t\t\t\t<\/div>\n\t\t\t\t<div class=\"elementor-element elementor-element-e3250ac elementor-widget elementor-widget-text-editor\" data-id=\"e3250ac\" data-element_type=\"widget\" data-widget_type=\"text-editor.default\">\n\t\t\t\t<div class=\"elementor-widget-container\">\n\t\t\t\t\t\t\t\t<div class=\"elementor-text-editor elementor-clearfix\">\n\t\t\t\t<p>Organizarea conferin\u021belor sau a altor tipuri de evenimente, poate fi mult mai u\u0219oar\u0103 atunci c\u00e2nd ai al\u0103turi partenerul perfect dorin\u021belor tale. Atunci c\u00e2nd vine vorba de un eveniment corporate, la Hotel Stil po\u021bi g\u0103si tot ceea ce \u00ee\u021bi dore\u0219ti. Hotel Stil este locul unde \u00ee\u021bi po\u021bi celebra aniversarea companiei, locul unde po\u021bi avea parte de cele mai reu\u0219ite evenimente precum training-uri, seminarii, teambuilding-uri, lans\u0103ri de carte, conferin\u021be \u0219i \u00eent\u00e2lniri business. Hotel Stil este locul care inspir\u0103 oamenii de afaceri, este locul unde pute\u021bi celebra aniversarea companiei, locul unde pute\u021bi ie\u0219i din cotidian sau pur \u0219i simplu s\u0103 v\u0103 distra\u021bi al\u0103turi de colegii de lucru. Hotel Stil este locul care te inspir\u0103 s\u0103 tr\u0103ie\u0219ti din plin evenimentele speciale din via\u021ba ta.<\/p>\t\t\t\t\t<\/div>\n\t\t\t\t\t\t<\/div>\n\t\t\t\t<\/div>\n\t\t\t\t\t\t<\/div>\n\t\t\t\t\t<\/div>\n\t\t<\/div>\n\t\t\t\t<div class=\"elementor-column elementor-col-50 elementor-top-column elementor-element elementor-element-a8052bc elementor-invisible\" data-id=\"a8052bc\" data-element_type=\"column\" data-settings=\"{&quot;animation&quot;:&quot;fadeInRight&quot;}\">\n\t\t\t<div class=\"elementor-column-wrap elementor-element-populated\">\n\t\t\t\t\t\t\t<div class=\"elementor-widget-wrap\">\n\t\t\t\t\t\t<div class=\"elementor-element elementor-element-25f739d elementor-widget elementor-widget-image\" data-id=\"25f739d\" data-element_type=\"widget\" data-widget_type=\"image.default\">\n\t\t\t\t<div class=\"elementor-widget-container\">\n\t\t\t\t\t\t\t\t<div class=\"elementor-image\">\n\t\t\t\t\t\t\t\t\t\t\t\t<img loading=\"lazy\" decoding=\"async\" width=\"1024\" height=\"683\" src=\"https:\/\/salaevenimentecluj.ro\/wp-content\/uploads\/2021\/07\/DW_5274.-min-1024x683-1.jpg\" class=\"attachment-large size-large\" alt=\"\" srcset=\"https:\/\/salaevenimentecluj.ro\/wp-content\/uploads\/2021\/07\/DW_5274.-min-1024x683-1.jpg 1024w, https:\/\/salaevenimentecluj.ro\/wp-content\/uploads\/2021\/07\/DW_5274.-min-1024x683-1-300x200.jpg 300w, https:\/\/salaevenimentecluj.ro\/wp-content\/uploads\/2021\/07\/DW_5274.-min-1024x683-1-768x512.jpg 768w\" sizes=\"auto, (max-width: 1024px) 100vw, 1024px\" \/>\t\t\t\t\t\t\t\t\t\t\t\t\t\t<\/div>\n\t\t\t\t\t\t<\/div>\n\t\t\t\t<\/div>\n\t\t\t\t\t\t<\/div>\n\t\t\t\t\t<\/div>\n\t\t<\/div>\n\t\t\t\t\t\t\t\t<\/div>\n\t\t\t\t\t<\/div>\n\t\t<\/section>\n\t\t\t\t<section class=\"elementor-section elementor-top-section elementor-element elementor-element-8e704a3 elementor-section-full_width elementor-section-height-default elementor-section-height-default\" data-id=\"8e704a3\" data-element_type=\"section\">\n\t\t\t\t\t\t<div class=\"elementor-container elementor-column-gap-no\">\n\t\t\t\t\t\t\t<div class=\"elementor-row\">\n\t\t\t\t\t<div class=\"elementor-column elementor-col-100 elementor-top-column elementor-element elementor-element-556a763\" data-id=\"556a763\" data-element_type=\"column\">\n\t\t\t<div class=\"elementor-column-wrap elementor-element-populated\">\n\t\t\t\t\t\t\t<div class=\"elementor-widget-wrap\">\n\t\t\t\t\t\t<div class=\"elementor-element elementor-element-1694bb9 elementor-arrows-position-inside elementor-widget elementor-widget-image-carousel\" data-id=\"1694bb9\" data-element_type=\"widget\" data-settings=\"{&quot;slides_to_show&quot;:&quot;3&quot;,&quot;navigation&quot;:&quot;arrows&quot;,&quot;autoplay&quot;:&quot;yes&quot;,&quot;pause_on_hover&quot;:&quot;yes&quot;,&quot;pause_on_interaction&quot;:&quot;yes&quot;,&quot;autoplay_speed&quot;:5000,&quot;infinite&quot;:&quot;yes&quot;,&quot;speed&quot;:500}\" data-widget_type=\"image-carousel.default\">\n\t\t\t\t<div class=\"elementor-widget-container\">\n\t\t\t\t\t<div class=\"elementor-image-carousel-wrapper swiper-container\" dir=\"ltr\">\n\t\t\t<div class=\"elementor-image-carousel swiper-wrapper\">\n\t\t\t\t\t\t\t\t<div class=\"swiper-slide\"><a data-elementor-open-lightbox=\"yes\" data-elementor-lightbox-slideshow=\"1694bb9\" data-elementor-lightbox-title=\"DW_5330-min-1024x683\" e-action-hash=\"#elementor-action%3Aaction%3Dlightbox%26settings%3DeyJpZCI6OTQ1LCJ1cmwiOiJodHRwczpcL1wvc2FsYWV2ZW5pbWVudGVjbHVqLnJvXC93cC1jb250ZW50XC91cGxvYWRzXC8yMDIxXC8wN1wvRFdfNTMzMC1taW4tMTAyNHg2ODMtMS5qcGciLCJzbGlkZXNob3ciOiIxNjk0YmI5In0%3D\" href=\"https:\/\/salaevenimentecluj.ro\/wp-content\/uploads\/2021\/07\/DW_5330-min-1024x683-1.jpg\"><figure class=\"swiper-slide-inner\"><img decoding=\"async\" class=\"swiper-slide-image\" src=\"https:\/\/salaevenimentecluj.ro\/wp-content\/uploads\/2021\/07\/DW_5330-min-1024x683-1.jpg\" alt=\"DW_5330-min-1024x683\" \/><\/figure><\/a><\/div><div class=\"swiper-slide\"><a data-elementor-open-lightbox=\"yes\" data-elementor-lightbox-slideshow=\"1694bb9\" data-elementor-lightbox-title=\"DW_5333-min-1024x683\" e-action-hash=\"#elementor-action%3Aaction%3Dlightbox%26settings%3DeyJpZCI6OTQ2LCJ1cmwiOiJodHRwczpcL1wvc2FsYWV2ZW5pbWVudGVjbHVqLnJvXC93cC1jb250ZW50XC91cGxvYWRzXC8yMDIxXC8wN1wvRFdfNTMzMy1taW4tMTAyNHg2ODMtMS5qcGciLCJzbGlkZXNob3ciOiIxNjk0YmI5In0%3D\" href=\"https:\/\/salaevenimentecluj.ro\/wp-content\/uploads\/2021\/07\/DW_5333-min-1024x683-1.jpg\"><figure class=\"swiper-slide-inner\"><img decoding=\"async\" class=\"swiper-slide-image\" src=\"https:\/\/salaevenimentecluj.ro\/wp-content\/uploads\/2021\/07\/DW_5333-min-1024x683-1.jpg\" alt=\"DW_5333-min-1024x683\" \/><\/figure><\/a><\/div><div class=\"swiper-slide\"><a data-elementor-open-lightbox=\"yes\" data-elementor-lightbox-slideshow=\"1694bb9\" data-elementor-lightbox-title=\"DW_5337-min-1024x683\" e-action-hash=\"#elementor-action%3Aaction%3Dlightbox%26settings%3DeyJpZCI6OTQ3LCJ1cmwiOiJodHRwczpcL1wvc2FsYWV2ZW5pbWVudGVjbHVqLnJvXC93cC1jb250ZW50XC91cGxvYWRzXC8yMDIxXC8wN1wvRFdfNTMzNy1taW4tMTAyNHg2ODMtMS5qcGciLCJzbGlkZXNob3ciOiIxNjk0YmI5In0%3D\" href=\"https:\/\/salaevenimentecluj.ro\/wp-content\/uploads\/2021\/07\/DW_5337-min-1024x683-1.jpg\"><figure class=\"swiper-slide-inner\"><img decoding=\"async\" class=\"swiper-slide-image\" src=\"https:\/\/salaevenimentecluj.ro\/wp-content\/uploads\/2021\/07\/DW_5337-min-1024x683-1.jpg\" alt=\"DW_5337-min-1024x683\" \/><\/figure><\/a><\/div><div class=\"swiper-slide\"><a data-elementor-open-lightbox=\"yes\" data-elementor-lightbox-slideshow=\"1694bb9\" data-elementor-lightbox-title=\"DW_5343.-min-scaled-1\" e-action-hash=\"#elementor-action%3Aaction%3Dlightbox%26settings%3DeyJpZCI6OTQ4LCJ1cmwiOiJodHRwczpcL1wvc2FsYWV2ZW5pbWVudGVjbHVqLnJvXC93cC1jb250ZW50XC91cGxvYWRzXC8yMDIxXC8wN1wvRFdfNTM0My4tbWluLXNjYWxlZC0xLTEuanBnIiwic2xpZGVzaG93IjoiMTY5NGJiOSJ9\" href=\"https:\/\/salaevenimentecluj.ro\/wp-content\/uploads\/2021\/07\/DW_5343.-min-scaled-1-1.jpg\"><figure class=\"swiper-slide-inner\"><img decoding=\"async\" class=\"swiper-slide-image\" src=\"https:\/\/salaevenimentecluj.ro\/wp-content\/uploads\/2021\/07\/DW_5343.-min-scaled-1-1.jpg\" alt=\"DW_5343.-min-scaled-1\" \/><\/figure><\/a><\/div><div class=\"swiper-slide\"><a data-elementor-open-lightbox=\"yes\" data-elementor-lightbox-slideshow=\"1694bb9\" data-elementor-lightbox-title=\"DW_5379-min-1024x683\" e-action-hash=\"#elementor-action%3Aaction%3Dlightbox%26settings%3DeyJpZCI6OTQ5LCJ1cmwiOiJodHRwczpcL1wvc2FsYWV2ZW5pbWVudGVjbHVqLnJvXC93cC1jb250ZW50XC91cGxvYWRzXC8yMDIxXC8wN1wvRFdfNTM3OS1taW4tMTAyNHg2ODMtMS5qcGciLCJzbGlkZXNob3ciOiIxNjk0YmI5In0%3D\" href=\"https:\/\/salaevenimentecluj.ro\/wp-content\/uploads\/2021\/07\/DW_5379-min-1024x683-1.jpg\"><figure class=\"swiper-slide-inner\"><img decoding=\"async\" class=\"swiper-slide-image\" src=\"https:\/\/salaevenimentecluj.ro\/wp-content\/uploads\/2021\/07\/DW_5379-min-1024x683-1.jpg\" alt=\"DW_5379-min-1024x683\" \/><\/figure><\/a><\/div>\t\t\t<\/div>\n\t\t\t\t\t\t\t\t\t\t\t\t\t\t\t\t<div class=\"elementor-swiper-button elementor-swiper-button-prev\">\n\t\t\t\t\t\t<i aria-hidden=\"true\" class=\"eicon-chevron-left\"><\/i>\t\t\t\t\t\t<span class=\"elementor-screen-only\">Previous<\/span>\n\t\t\t\t\t<\/div>\n\t\t\t\t\t<div class=\"elementor-swiper-button elementor-swiper-button-next\">\n\t\t\t\t\t\t<i aria-hidden=\"true\" class=\"eicon-chevron-right\"><\/i>\t\t\t\t\t\t<span class=\"elementor-screen-only\">Next<\/span>\n\t\t\t\t\t<\/div>\n\t\t\t\t\t\t\t\t\t<\/div>\n\t\t\t\t<\/div>\n\t\t\t\t<\/div>\n\t\t\t\t\t\t<\/div>\n\t\t\t\t\t<\/div>\n\t\t<\/div>\n\t\t\t\t\t\t\t\t<\/div>\n\t\t\t\t\t<\/div>\n\t\t<\/section>\n\t\t\t\t\t\t\t\t\t<\/div>\n\t\t\t<\/div>\n\t\t\t\t\t<\/div>\n\t\t","protected":false},"excerpt":{"rendered":"<p>Conferin\u021be Start cu Stil la conferin\u021be CERE OFERTA Aer Condi\u021bionat Internet Wireless Draperii Black-out Video Proiector Flip Chart Sistem Audio-Video Conferin\u021be Organizarea conferin\u021belor sau a altor tipuri de evenimente, poate fi mult mai u\u0219oar\u0103 atunci c\u00e2nd ai al\u0103turi partenerul perfect dorin\u021belor tale. Atunci c\u00e2nd vine vorba de un eveniment corporate, la Hotel Stil po\u021bi g\u0103si &hellip;<\/p>\n<p class=\"read-more\"> <a class=\"\" href=\"https:\/\/salaevenimentecluj.ro\/index.php\/conferinte\/\"> <span class=\"screen-reader-text\">Conferinte<\/span> Read More &raquo;<\/a><\/p>\n","protected":false},"author":1,"featured_media":0,"parent":0,"menu_order":0,"comment_status":"closed","ping_status":"closed","template":"","meta":{"inline_featured_image":false,"footnotes":""},"class_list":["post-940","page","type-page","status-publish","hentry"],"aioseo_notices":[],"_links":{"self":[{"href":"https:\/\/salaevenimentecluj.ro\/index.php\/wp-json\/wp\/v2\/pages\/940","targetHints":{"allow":["GET"]}}],"collection":[{"href":"https:\/\/salaevenimentecluj.ro\/index.php\/wp-json\/wp\/v2\/pages"}],"about":[{"href":"https:\/\/salaevenimentecluj.ro\/index.php\/wp-json\/wp\/v2\/types\/page"}],"author":[{"embeddable":true,"href":"https:\/\/salaevenimentecluj.ro\/index.php\/wp-json\/wp\/v2\/users\/1"}],"replies":[{"embeddable":true,"href":"https:\/\/salaevenimentecluj.ro\/index.php\/wp-json\/wp\/v2\/comments?post=940"}],"version-history":[{"count":43,"href":"https:\/\/salaevenimentecluj.ro\/index.php\/wp-json\/wp\/v2\/pages\/940\/revisions"}],"predecessor-version":[{"id":1176,"href":"https:\/\/salaevenimentecluj.ro\/index.php\/wp-json\/wp\/v2\/pages\/940\/revisions\/1176"}],"wp:attachment":[{"href":"https:\/\/salaevenimentecluj.ro\/index.php\/wp-json\/wp\/v2\/media?parent=940"}],"curies":[{"name":"wp","href":"https:\/\/api.w.org\/{rel}","templated":true}]}}