{"id":927,"date":"2021-07-13T11:20:38","date_gmt":"2021-07-13T11:20:38","guid":{"rendered":"https:\/\/salaevenimentecluj.ro\/?page_id=927"},"modified":"2021-07-28T11:47:51","modified_gmt":"2021-07-28T11:47:51","slug":"botezuri","status":"publish","type":"page","link":"https:\/\/salaevenimentecluj.ro\/index.php\/botezuri\/","title":{"rendered":"Botezuri"},"content":{"rendered":"\t\t<div data-elementor-type=\"wp-page\" data-elementor-id=\"927\" class=\"elementor elementor-927\">\n\t\t\t\t\t\t<div class=\"elementor-inner\">\n\t\t\t\t<div class=\"elementor-section-wrap\">\n\t\t\t\t\t\t\t\t\t<section class=\"elementor-section elementor-top-section elementor-element elementor-element-37a856f elementor-section-boxed elementor-section-height-default elementor-section-height-default\" data-id=\"37a856f\" data-element_type=\"section\" data-settings=\"{&quot;background_background&quot;:&quot;classic&quot;}\">\n\t\t\t\t\t\t\t<div class=\"elementor-background-overlay\"><\/div>\n\t\t\t\t\t\t\t<div class=\"elementor-container elementor-column-gap-default\">\n\t\t\t\t\t\t\t<div class=\"elementor-row\">\n\t\t\t\t\t<div class=\"elementor-column elementor-col-100 elementor-top-column elementor-element elementor-element-a1608ef\" data-id=\"a1608ef\" data-element_type=\"column\">\n\t\t\t<div class=\"elementor-column-wrap elementor-element-populated\">\n\t\t\t\t\t\t\t<div class=\"elementor-widget-wrap\">\n\t\t\t\t\t\t<div class=\"elementor-element elementor-element-8b6e30f elementor-invisible elementor-widget elementor-widget-heading\" data-id=\"8b6e30f\" data-element_type=\"widget\" data-settings=\"{&quot;_animation&quot;:&quot;fadeInDown&quot;}\" data-widget_type=\"heading.default\">\n\t\t\t\t<div class=\"elementor-widget-container\">\n\t\t\t<h2 class=\"elementor-heading-title elementor-size-default\">Botezuri<\/h2>\t\t<\/div>\n\t\t\t\t<\/div>\n\t\t\t\t<div class=\"elementor-element elementor-element-fa7ffb7 elementor-widget elementor-widget-heading\" data-id=\"fa7ffb7\" data-element_type=\"widget\" data-widget_type=\"heading.default\">\n\t\t\t\t<div class=\"elementor-widget-container\">\n\t\t\t<h2 class=\"elementor-heading-title elementor-size-default\">Un botez de poveste...<\/h2>\t\t<\/div>\n\t\t\t\t<\/div>\n\t\t\t\t<div class=\"elementor-element elementor-element-b231e2f elementor-widget elementor-widget-button\" data-id=\"b231e2f\" data-element_type=\"widget\" data-widget_type=\"button.default\">\n\t\t\t\t<div class=\"elementor-widget-container\">\n\t\t\t\t\t<div class=\"elementor-button-wrapper\">\n\t\t\t<a href=\"\/index.php\/contact\/\" class=\"elementor-button-link elementor-button elementor-size-sm\" role=\"button\">\n\t\t\t\t\t\t<span class=\"elementor-button-content-wrapper\">\n\t\t\t\t\t\t<span class=\"elementor-button-text\">CERE OFERTA<\/span>\n\t\t<\/span>\n\t\t\t\t\t<\/a>\n\t\t<\/div>\n\t\t\t\t<\/div>\n\t\t\t\t<\/div>\n\t\t\t\t\t\t<\/div>\n\t\t\t\t\t<\/div>\n\t\t<\/div>\n\t\t\t\t\t\t\t\t<\/div>\n\t\t\t\t\t<\/div>\n\t\t<\/section>\n\t\t\t\t<section class=\"elementor-section elementor-top-section elementor-element elementor-element-905c3c8 elementor-section-boxed elementor-section-height-default elementor-section-height-default\" data-id=\"905c3c8\" data-element_type=\"section\">\n\t\t\t\t\t\t<div class=\"elementor-container elementor-column-gap-default\">\n\t\t\t\t\t\t\t<div class=\"elementor-row\">\n\t\t\t\t\t<div class=\"elementor-column elementor-col-50 elementor-top-column elementor-element elementor-element-db36ddf elementor-invisible\" data-id=\"db36ddf\" data-element_type=\"column\" data-settings=\"{&quot;animation&quot;:&quot;fadeInLeft&quot;}\">\n\t\t\t<div class=\"elementor-column-wrap elementor-element-populated\">\n\t\t\t\t\t\t\t<div class=\"elementor-widget-wrap\">\n\t\t\t\t\t\t<div class=\"elementor-element elementor-element-2aca36b elementor-widget elementor-widget-heading\" data-id=\"2aca36b\" data-element_type=\"widget\" data-widget_type=\"heading.default\">\n\t\t\t\t<div class=\"elementor-widget-container\">\n\t\t\t<h2 class=\"elementor-heading-title elementor-size-default\">Botezuri<\/h2>\t\t<\/div>\n\t\t\t\t<\/div>\n\t\t\t\t<div class=\"elementor-element elementor-element-e3250ac elementor-widget elementor-widget-text-editor\" data-id=\"e3250ac\" data-element_type=\"widget\" data-widget_type=\"text-editor.default\">\n\t\t\t\t<div class=\"elementor-widget-container\">\n\t\t\t\t\t\t\t\t<div class=\"elementor-text-editor elementor-clearfix\">\n\t\t\t\t<p>Venirea pe lume a unui copil face ca vie\u021bile noastre s\u0103 se schimbe, lu\u00e2nd o turnura plin\u0103 de emo\u021bii, iubire \u0219i dedicare. \u0218tim c\u0103 aceste evenimente nu se uit\u0103, tocmai de aceea Hotel Stil vine \u00een ajutorul t\u0103u, oferindu-\u021bi varietate, \u00een func\u021bie de ideile \u0219i sentimentele pe care le ai tu. La noi, fiecare eveniment este unic \u0219i special creat pentru tine. Bucuria \u00eemp\u0103rt\u0103\u0219irii acestui eveniment cu familia, merit\u0103 un loc pe m\u0103sura ocaziei, tocmai de aceea Hotel Stil are sala \u0219i echipa potrivit\u0103 pentru ca fiecare pas al procesului de organizare s\u0103 fie unul u\u0219or \u0219i pl\u0103cut. Avem experien\u021ba necesar\u0103 organiz\u0103rii unei petreceri de botez \u00eencep\u00e2nd de la decor, meniu, candy bar, muzic\u0103, p\u00e2n\u0103 la aspecte personale, ne asigur\u0103m c\u0103 toate la un loc, s\u0103 creeze atmosfera dorit\u0103 de fiecare client.<\/p>\t\t\t\t\t<\/div>\n\t\t\t\t\t\t<\/div>\n\t\t\t\t<\/div>\n\t\t\t\t\t\t<\/div>\n\t\t\t\t\t<\/div>\n\t\t<\/div>\n\t\t\t\t<div class=\"elementor-column elementor-col-50 elementor-top-column elementor-element elementor-element-a8052bc elementor-invisible\" data-id=\"a8052bc\" data-element_type=\"column\" data-settings=\"{&quot;animation&quot;:&quot;fadeInRight&quot;}\">\n\t\t\t<div class=\"elementor-column-wrap elementor-element-populated\">\n\t\t\t\t\t\t\t<div class=\"elementor-widget-wrap\">\n\t\t\t\t\t\t<div class=\"elementor-element elementor-element-25f739d elementor-widget elementor-widget-image\" data-id=\"25f739d\" data-element_type=\"widget\" data-widget_type=\"image.default\">\n\t\t\t\t<div class=\"elementor-widget-container\">\n\t\t\t\t\t\t\t\t<div class=\"elementor-image\">\n\t\t\t\t\t\t\t\t\t\t\t\t<img loading=\"lazy\" decoding=\"async\" width=\"1024\" height=\"684\" src=\"https:\/\/salaevenimentecluj.ro\/wp-content\/uploads\/2021\/07\/Botez-Matteo-289-min-1024x684-1.jpg\" class=\"attachment-large size-large\" alt=\"\" srcset=\"https:\/\/salaevenimentecluj.ro\/wp-content\/uploads\/2021\/07\/Botez-Matteo-289-min-1024x684-1.jpg 1024w, https:\/\/salaevenimentecluj.ro\/wp-content\/uploads\/2021\/07\/Botez-Matteo-289-min-1024x684-1-300x200.jpg 300w, https:\/\/salaevenimentecluj.ro\/wp-content\/uploads\/2021\/07\/Botez-Matteo-289-min-1024x684-1-768x513.jpg 768w\" sizes=\"auto, (max-width: 1024px) 100vw, 1024px\" \/>\t\t\t\t\t\t\t\t\t\t\t\t\t\t<\/div>\n\t\t\t\t\t\t<\/div>\n\t\t\t\t<\/div>\n\t\t\t\t\t\t<\/div>\n\t\t\t\t\t<\/div>\n\t\t<\/div>\n\t\t\t\t\t\t\t\t<\/div>\n\t\t\t\t\t<\/div>\n\t\t<\/section>\n\t\t\t\t<section class=\"elementor-section elementor-top-section elementor-element elementor-element-8e704a3 elementor-section-full_width elementor-section-height-default elementor-section-height-default\" data-id=\"8e704a3\" data-element_type=\"section\">\n\t\t\t\t\t\t<div class=\"elementor-container elementor-column-gap-no\">\n\t\t\t\t\t\t\t<div class=\"elementor-row\">\n\t\t\t\t\t<div class=\"elementor-column elementor-col-100 elementor-top-column elementor-element elementor-element-556a763\" data-id=\"556a763\" data-element_type=\"column\">\n\t\t\t<div class=\"elementor-column-wrap elementor-element-populated\">\n\t\t\t\t\t\t\t<div class=\"elementor-widget-wrap\">\n\t\t\t\t\t\t<div class=\"elementor-element elementor-element-1694bb9 elementor-arrows-position-inside elementor-widget elementor-widget-image-carousel\" data-id=\"1694bb9\" data-element_type=\"widget\" data-settings=\"{&quot;slides_to_show&quot;:&quot;3&quot;,&quot;navigation&quot;:&quot;arrows&quot;,&quot;autoplay&quot;:&quot;yes&quot;,&quot;pause_on_hover&quot;:&quot;yes&quot;,&quot;pause_on_interaction&quot;:&quot;yes&quot;,&quot;autoplay_speed&quot;:5000,&quot;infinite&quot;:&quot;yes&quot;,&quot;speed&quot;:500}\" data-widget_type=\"image-carousel.default\">\n\t\t\t\t<div class=\"elementor-widget-container\">\n\t\t\t\t\t<div class=\"elementor-image-carousel-wrapper swiper-container\" dir=\"ltr\">\n\t\t\t<div class=\"elementor-image-carousel swiper-wrapper\">\n\t\t\t\t\t\t\t\t<div class=\"swiper-slide\"><a data-elementor-open-lightbox=\"yes\" data-elementor-lightbox-slideshow=\"1694bb9\" data-elementor-lightbox-title=\"botez-patrick-444-min-1-1024x682\" e-action-hash=\"#elementor-action%3Aaction%3Dlightbox%26settings%3DeyJpZCI6OTMyLCJ1cmwiOiJodHRwczpcL1wvc2FsYWV2ZW5pbWVudGVjbHVqLnJvXC93cC1jb250ZW50XC91cGxvYWRzXC8yMDIxXC8wN1wvYm90ZXotcGF0cmljay00NDQtbWluLTEtMTAyNHg2ODItMS5qcGciLCJzbGlkZXNob3ciOiIxNjk0YmI5In0%3D\" href=\"https:\/\/salaevenimentecluj.ro\/wp-content\/uploads\/2021\/07\/botez-patrick-444-min-1-1024x682-1.jpg\"><figure class=\"swiper-slide-inner\"><img decoding=\"async\" class=\"swiper-slide-image\" src=\"https:\/\/salaevenimentecluj.ro\/wp-content\/uploads\/2021\/07\/botez-patrick-444-min-1-1024x682-1.jpg\" alt=\"botez-patrick-444-min-1-1024x682\" \/><\/figure><\/a><\/div><div class=\"swiper-slide\"><a data-elementor-open-lightbox=\"yes\" data-elementor-lightbox-slideshow=\"1694bb9\" data-elementor-lightbox-title=\"botez-patrick-464-min-1024x682\" e-action-hash=\"#elementor-action%3Aaction%3Dlightbox%26settings%3DeyJpZCI6OTMzLCJ1cmwiOiJodHRwczpcL1wvc2FsYWV2ZW5pbWVudGVjbHVqLnJvXC93cC1jb250ZW50XC91cGxvYWRzXC8yMDIxXC8wN1wvYm90ZXotcGF0cmljay00NjQtbWluLTEwMjR4NjgyLTEuanBnIiwic2xpZGVzaG93IjoiMTY5NGJiOSJ9\" href=\"https:\/\/salaevenimentecluj.ro\/wp-content\/uploads\/2021\/07\/botez-patrick-464-min-1024x682-1.jpg\"><figure class=\"swiper-slide-inner\"><img decoding=\"async\" class=\"swiper-slide-image\" src=\"https:\/\/salaevenimentecluj.ro\/wp-content\/uploads\/2021\/07\/botez-patrick-464-min-1024x682-1.jpg\" alt=\"botez-patrick-464-min-1024x682\" \/><\/figure><\/a><\/div><div class=\"swiper-slide\"><a data-elementor-open-lightbox=\"yes\" data-elementor-lightbox-slideshow=\"1694bb9\" data-elementor-lightbox-title=\"botez-patrick-499-min-1-1024x682\" e-action-hash=\"#elementor-action%3Aaction%3Dlightbox%26settings%3DeyJpZCI6OTM0LCJ1cmwiOiJodHRwczpcL1wvc2FsYWV2ZW5pbWVudGVjbHVqLnJvXC93cC1jb250ZW50XC91cGxvYWRzXC8yMDIxXC8wN1wvYm90ZXotcGF0cmljay00OTktbWluLTEtMTAyNHg2ODItMS5qcGciLCJzbGlkZXNob3ciOiIxNjk0YmI5In0%3D\" href=\"https:\/\/salaevenimentecluj.ro\/wp-content\/uploads\/2021\/07\/botez-patrick-499-min-1-1024x682-1.jpg\"><figure class=\"swiper-slide-inner\"><img decoding=\"async\" class=\"swiper-slide-image\" src=\"https:\/\/salaevenimentecluj.ro\/wp-content\/uploads\/2021\/07\/botez-patrick-499-min-1-1024x682-1.jpg\" alt=\"botez-patrick-499-min-1-1024x682\" \/><\/figure><\/a><\/div><div class=\"swiper-slide\"><a data-elementor-open-lightbox=\"yes\" data-elementor-lightbox-slideshow=\"1694bb9\" data-elementor-lightbox-title=\"DSC_0977-min-1024x683\" e-action-hash=\"#elementor-action%3Aaction%3Dlightbox%26settings%3DeyJpZCI6OTM1LCJ1cmwiOiJodHRwczpcL1wvc2FsYWV2ZW5pbWVudGVjbHVqLnJvXC93cC1jb250ZW50XC91cGxvYWRzXC8yMDIxXC8wN1wvRFNDXzA5NzctbWluLTEwMjR4NjgzLTEuanBnIiwic2xpZGVzaG93IjoiMTY5NGJiOSJ9\" href=\"https:\/\/salaevenimentecluj.ro\/wp-content\/uploads\/2021\/07\/DSC_0977-min-1024x683-1.jpg\"><figure class=\"swiper-slide-inner\"><img decoding=\"async\" class=\"swiper-slide-image\" src=\"https:\/\/salaevenimentecluj.ro\/wp-content\/uploads\/2021\/07\/DSC_0977-min-1024x683-1.jpg\" alt=\"DSC_0977-min-1024x683\" \/><\/figure><\/a><\/div><div class=\"swiper-slide\"><a data-elementor-open-lightbox=\"yes\" data-elementor-lightbox-slideshow=\"1694bb9\" data-elementor-lightbox-title=\"DSC_0985-min-1024x683\" e-action-hash=\"#elementor-action%3Aaction%3Dlightbox%26settings%3DeyJpZCI6OTM2LCJ1cmwiOiJodHRwczpcL1wvc2FsYWV2ZW5pbWVudGVjbHVqLnJvXC93cC1jb250ZW50XC91cGxvYWRzXC8yMDIxXC8wN1wvRFNDXzA5ODUtbWluLTEwMjR4NjgzLTEuanBnIiwic2xpZGVzaG93IjoiMTY5NGJiOSJ9\" href=\"https:\/\/salaevenimentecluj.ro\/wp-content\/uploads\/2021\/07\/DSC_0985-min-1024x683-1.jpg\"><figure class=\"swiper-slide-inner\"><img decoding=\"async\" class=\"swiper-slide-image\" src=\"https:\/\/salaevenimentecluj.ro\/wp-content\/uploads\/2021\/07\/DSC_0985-min-1024x683-1.jpg\" alt=\"DSC_0985-min-1024x683\" \/><\/figure><\/a><\/div>\t\t\t<\/div>\n\t\t\t\t\t\t\t\t\t\t\t\t\t\t\t\t<div class=\"elementor-swiper-button elementor-swiper-button-prev\">\n\t\t\t\t\t\t<i aria-hidden=\"true\" class=\"eicon-chevron-left\"><\/i>\t\t\t\t\t\t<span class=\"elementor-screen-only\">Previous<\/span>\n\t\t\t\t\t<\/div>\n\t\t\t\t\t<div class=\"elementor-swiper-button elementor-swiper-button-next\">\n\t\t\t\t\t\t<i aria-hidden=\"true\" class=\"eicon-chevron-right\"><\/i>\t\t\t\t\t\t<span class=\"elementor-screen-only\">Next<\/span>\n\t\t\t\t\t<\/div>\n\t\t\t\t\t\t\t\t\t<\/div>\n\t\t\t\t<\/div>\n\t\t\t\t<\/div>\n\t\t\t\t\t\t<\/div>\n\t\t\t\t\t<\/div>\n\t\t<\/div>\n\t\t\t\t\t\t\t\t<\/div>\n\t\t\t\t\t<\/div>\n\t\t<\/section>\n\t\t\t\t<section class=\"elementor-section elementor-top-section elementor-element elementor-element-b75d2a5 elementor-section-boxed elementor-section-height-default elementor-section-height-default\" data-id=\"b75d2a5\" data-element_type=\"section\">\n\t\t\t\t\t\t<div class=\"elementor-container elementor-column-gap-default\">\n\t\t\t\t\t\t\t<div class=\"elementor-row\">\n\t\t\t\t\t<div class=\"elementor-column elementor-col-100 elementor-top-column elementor-element elementor-element-2dda3f3\" data-id=\"2dda3f3\" data-element_type=\"column\">\n\t\t\t<div class=\"elementor-column-wrap elementor-element-populated\">\n\t\t\t\t\t\t\t<div class=\"elementor-widget-wrap\">\n\t\t\t\t\t\t<div class=\"elementor-element elementor-element-38a6b94 elementor-testimonial--skin-default elementor-testimonial--layout-image_inline elementor-testimonial--align-center elementor-arrows-yes elementor-pagination-type-bullets elementor-widget elementor-widget-testimonial-carousel\" data-id=\"38a6b94\" data-element_type=\"widget\" data-settings=\"{&quot;show_arrows&quot;:&quot;yes&quot;,&quot;pagination&quot;:&quot;bullets&quot;,&quot;speed&quot;:500,&quot;autoplay&quot;:&quot;yes&quot;,&quot;autoplay_speed&quot;:5000,&quot;loop&quot;:&quot;yes&quot;,&quot;pause_on_hover&quot;:&quot;yes&quot;,&quot;pause_on_interaction&quot;:&quot;yes&quot;,&quot;space_between&quot;:{&quot;unit&quot;:&quot;px&quot;,&quot;size&quot;:10,&quot;sizes&quot;:[]},&quot;space_between_tablet&quot;:{&quot;unit&quot;:&quot;px&quot;,&quot;size&quot;:10,&quot;sizes&quot;:[]},&quot;space_between_mobile&quot;:{&quot;unit&quot;:&quot;px&quot;,&quot;size&quot;:10,&quot;sizes&quot;:[]}}\" data-widget_type=\"testimonial-carousel.default\">\n\t\t\t\t<div class=\"elementor-widget-container\">\n\t\t\t\t\t<div class=\"elementor-swiper\">\n\t\t\t<div class=\"elementor-main-swiper swiper-container\">\n\t\t\t\t<div class=\"swiper-wrapper\">\n\t\t\t\t\t\t\t\t\t\t\t<div class=\"swiper-slide\">\n\t\t\t\t\t\t\t\t\t<div class=\"elementor-testimonial\">\n\t\t\t\t\t\t\t<div class=\"elementor-testimonial__content\">\n\t\t\t\t\t<div class=\"elementor-testimonial__text\">\n\t\t\t\t\t\tNunta, botezul, si petrecerea de 1 an a fetitei noastre. Toate aceste evenimente le-am organizat la Stil. Motivul este simplu: am fost foarte multumiti de tot. De la mancare, patron, chelneri, toti sunt oameni de nota 10. Sa nu uitam bucatarii care fac o mancare divina. Va multumim pentru tot domnule Cistelecan. Cu siguranta vom reveni cu drag la dvs! Mult succes in continuare, ca faceti treaba buna, excelenta.\t\t\t\t\t<\/div>\n\t\t\t\t\t\t\t\t\t<\/div>\n\t\t\t\t\t\t<div class=\"elementor-testimonial__footer\">\n\t\t\t\t\t\t\t\t<cite class=\"elementor-testimonial__cite\"><span class=\"elementor-testimonial__name\">ANCA DULCA<\/span><span class=\"elementor-testimonial__title\">10 OCTOMBRIE 2016<\/span><\/cite>\t\t\t<\/div>\n\t\t<\/div>\n\t\t\t\t\t\t\t\t<\/div>\n\t\t\t\t\t\t\t\t\t\t\t<div class=\"swiper-slide\">\n\t\t\t\t\t\t\t\t\t<div class=\"elementor-testimonial\">\n\t\t\t\t\t\t\t<div class=\"elementor-testimonial__content\">\n\t\t\t\t\t<div class=\"elementor-testimonial__text\">\n\t\t\t\t\t\tRecomand Hotel Stil pt profesionalismul de care a dat dovada in organizarea Nuntii noastre din Iulie 2018 cat si a botezului din septembrie 2017.Am ales Hotel Stil in primul rand ,pt calitatea produselor servite cat si pt salile frumos amenajate dar am fost placut surprinsi de ospitalitatea de care au dat dovada, atat Familia Cistelecan cat si cei care lucreaza cu dansii iar curatenia e la mama ei acasa.Va multumim pentru tot!\t\t\t\t\t<\/div>\n\t\t\t\t\t\t\t\t\t<\/div>\n\t\t\t\t\t\t<div class=\"elementor-testimonial__footer\">\n\t\t\t\t\t\t\t\t<cite class=\"elementor-testimonial__cite\"><span class=\"elementor-testimonial__name\">DUMITRITA GABRIELA BOCICA<\/span><span class=\"elementor-testimonial__title\">13 DECEMBRIE 2018<\/span><\/cite>\t\t\t<\/div>\n\t\t<\/div>\n\t\t\t\t\t\t\t\t<\/div>\n\t\t\t\t\t\t\t\t\t<\/div>\n\t\t\t\t\t\t\t\t\t\t\t\t\t\t\t<div class=\"swiper-pagination\"><\/div>\n\t\t\t\t\t\t\t\t\t\t\t\t\t\t\t\t<div class=\"elementor-swiper-button elementor-swiper-button-prev\">\n\t\t\t\t\t\t\t<i class=\"eicon-chevron-left\" aria-hidden=\"true\"><\/i>\n\t\t\t\t\t\t\t<span class=\"elementor-screen-only\">Previous<\/span>\n\t\t\t\t\t\t<\/div>\n\t\t\t\t\t\t<div class=\"elementor-swiper-button elementor-swiper-button-next\">\n\t\t\t\t\t\t\t<i class=\"eicon-chevron-right\" aria-hidden=\"true\"><\/i>\n\t\t\t\t\t\t\t<span class=\"elementor-screen-only\">Next<\/span>\n\t\t\t\t\t\t<\/div>\n\t\t\t\t\t\t\t\t\t\t\t\t<\/div>\n\t\t<\/div>\n\t\t\t\t<\/div>\n\t\t\t\t<\/div>\n\t\t\t\t\t\t<\/div>\n\t\t\t\t\t<\/div>\n\t\t<\/div>\n\t\t\t\t\t\t\t\t<\/div>\n\t\t\t\t\t<\/div>\n\t\t<\/section>\n\t\t\t\t\t\t\t\t\t<\/div>\n\t\t\t<\/div>\n\t\t\t\t\t<\/div>\n\t\t","protected":false},"excerpt":{"rendered":"<p>Botezuri Un botez de poveste&#8230; CERE OFERTA Botezuri Venirea pe lume a unui copil face ca vie\u021bile noastre s\u0103 se schimbe, lu\u00e2nd o turnura plin\u0103 de emo\u021bii, iubire \u0219i dedicare. \u0218tim c\u0103 aceste evenimente nu se uit\u0103, tocmai de aceea Hotel Stil vine \u00een ajutorul t\u0103u, oferindu-\u021bi varietate, \u00een func\u021bie de ideile \u0219i sentimentele pe &hellip;<\/p>\n<p class=\"read-more\"> <a class=\"\" href=\"https:\/\/salaevenimentecluj.ro\/index.php\/botezuri\/\"> <span class=\"screen-reader-text\">Botezuri<\/span> Read More &raquo;<\/a><\/p>\n","protected":false},"author":1,"featured_media":0,"parent":0,"menu_order":0,"comment_status":"closed","ping_status":"closed","template":"","meta":{"inline_featured_image":false,"footnotes":""},"class_list":["post-927","page","type-page","status-publish","hentry"],"aioseo_notices":[],"_links":{"self":[{"href":"https:\/\/salaevenimentecluj.ro\/index.php\/wp-json\/wp\/v2\/pages\/927","targetHints":{"allow":["GET"]}}],"collection":[{"href":"https:\/\/salaevenimentecluj.ro\/index.php\/wp-json\/wp\/v2\/pages"}],"about":[{"href":"https:\/\/salaevenimentecluj.ro\/index.php\/wp-json\/wp\/v2\/types\/page"}],"author":[{"embeddable":true,"href":"https:\/\/salaevenimentecluj.ro\/index.php\/wp-json\/wp\/v2\/users\/1"}],"replies":[{"embeddable":true,"href":"https:\/\/salaevenimentecluj.ro\/index.php\/wp-json\/wp\/v2\/comments?post=927"}],"version-history":[{"count":19,"href":"https:\/\/salaevenimentecluj.ro\/index.php\/wp-json\/wp\/v2\/pages\/927\/revisions"}],"predecessor-version":[{"id":1170,"href":"https:\/\/salaevenimentecluj.ro\/index.php\/wp-json\/wp\/v2\/pages\/927\/revisions\/1170"}],"wp:attachment":[{"href":"https:\/\/salaevenimentecluj.ro\/index.php\/wp-json\/wp\/v2\/media?parent=927"}],"curies":[{"name":"wp","href":"https:\/\/api.w.org\/{rel}","templated":true}]}}