{"id":1333,"date":"2021-08-12T06:46:56","date_gmt":"2021-08-12T06:46:56","guid":{"rendered":"https:\/\/salaevenimentecluj.ro\/?page_id=1333"},"modified":"2021-08-12T06:47:30","modified_gmt":"2021-08-12T06:47:30","slug":"termenii-si-conditiile-de-rezervare","status":"publish","type":"page","link":"https:\/\/salaevenimentecluj.ro\/index.php\/termenii-si-conditiile-de-rezervare\/","title":{"rendered":"Termenii \u0219i condi\u021biile de rezervare"},"content":{"rendered":"\t\t<div data-elementor-type=\"wp-page\" data-elementor-id=\"1333\" class=\"elementor elementor-1333\">\n\t\t\t\t\t\t<div class=\"elementor-inner\">\n\t\t\t\t<div class=\"elementor-section-wrap\">\n\t\t\t\t\t\t\t\t\t<section class=\"elementor-section elementor-top-section elementor-element elementor-element-c3519c0 elementor-section-boxed elementor-section-height-default elementor-section-height-default\" data-id=\"c3519c0\" data-element_type=\"section\">\n\t\t\t\t\t\t<div class=\"elementor-container elementor-column-gap-default\">\n\t\t\t\t\t\t\t<div class=\"elementor-row\">\n\t\t\t\t\t<div class=\"elementor-column elementor-col-100 elementor-top-column elementor-element elementor-element-99af413\" data-id=\"99af413\" data-element_type=\"column\">\n\t\t\t<div class=\"elementor-column-wrap elementor-element-populated\">\n\t\t\t\t\t\t\t<div class=\"elementor-widget-wrap\">\n\t\t\t\t\t\t<div class=\"elementor-element elementor-element-baab53c elementor-widget elementor-widget-heading\" data-id=\"baab53c\" data-element_type=\"widget\" data-widget_type=\"heading.default\">\n\t\t\t\t<div class=\"elementor-widget-container\">\n\t\t\t<h2 class=\"elementor-heading-title elementor-size-default\">Termenii \u0219i condi\u021biile de rezervare<\/h2>\t\t<\/div>\n\t\t\t\t<\/div>\n\t\t\t\t<div class=\"elementor-element elementor-element-d45a47e elementor-widget elementor-widget-text-editor\" data-id=\"d45a47e\" data-element_type=\"widget\" data-widget_type=\"text-editor.default\">\n\t\t\t\t<div class=\"elementor-widget-container\">\n\t\t\t\t\t\t\t\t<div class=\"elementor-text-editor elementor-clearfix\">\n\t\t\t\t<div class=\"elementor-element elementor-element-e4e26da elementor-widget elementor-widget-text-editor\" data-id=\"e4e26da\" data-element_type=\"widget\" data-widget_type=\"text-editor.default\"><div class=\"elementor-widget-container\"><div class=\"elementor-text-editor elementor-clearfix\"><p>ANDRA COM INTERNATIONAL SERVICE S.R.L. sub denumirea comerciala de HOTEL STIL , cu sediul in Cluj-Napoca, Strada Fagetului nr.5B, inregistrata la Registrul Comertului\u00a0\u00a0sub nr. J12\/3725\/1991, CUI\u00a0 RO 228409, in calitate de proprietar al\u00a0website-ului www.hotelstil.com,\u00a0isi rezerva dreptul de a schimba si\u00a0actualiza in orice moment continutul acestui website, precum\u00a0 si Termenii\u00a0si conditiile de utilizare, fara niciun fel de notificare prealabila.\u00a0<\/p><p><strong>1. Acceptul<\/strong><\/p><p>Accesul\/vizitarea acestui website de catre dumneavoastra se supune Politicii de Confidentialitate si implica acceptul dumneavoastra explicit cu privire la acestia.\u00a0\u00a0Va rugam vizitati periodic aceasta sectiune pentru a putea vizualiza modificarile survenite pe parcurs. Utilizatorul este responsabil de toate activit\u0103\u021bile \u00eentocmite prin accesarea website-ului www.hotelstil.com.<strong>\u00a0HOTEL STIL\u00a0<\/strong>nu\u00a0se face responsabil de efectele care au loc pe fondul neglijen\u021bei utilizatorului, cu privire la siguran\u021ba datelor personale \u0219i a\u00a0confiden\u021bialit\u0103\u021bii.<\/p><p><strong>\u00a02. Continutul site-ului<\/strong><\/p><p>Permisiunea de utilizare a site-ului este acordata de catre titular numai in urmatoarele conditii:<\/p><p>a)Site-ul este utilizat exclusiv in scopuri personale si necomerciale;<\/p><p>b)Continutul site-ului nu este reprodus in medii on-line sau off-line fara acordul in prealabil din partea titularului;<\/p><p>c)\u00a0Acesta respecta in tot, cu titlu permanent, Regulamentul.<\/p><p>Folosirea\u00a0oricarui text, imagine, material din acest site in alte scopuri decat cele noncomerciale si cele specificate in site, fara acordul scris al\u00a0<strong>HOTEL STIL\u00a0<\/strong>, este<br \/>interzisa, toate acestea fiind protejate potrivit prevederilor legii dreptului de autor.<\/p><p><strong>3. Utilizare<\/strong><\/p><p>Puteti utiliza sistemul nostru de rezervari online pentru a verifica disponibilitatile\u00a0sau pentru a va calcula sejurul, iar daca finalizati rezervarea primiti imediat<br \/>confirmarea. Tariful total calculat in sistemul de rezervari online include\u00a0toate taxele.\u00a0<strong>Efectu\u00e2nd\u00a0o Rezervare a unui sejur accepta\u0163i \u015fi sunte\u0163i de acord cu politica de tarifare,<br \/>modificare, anulare \u015fi neprezentare.\u00a0V\u0103 rug\u0103m s\u0103 verifica\u0163i detaliile\u00a0(rezerv\u0103rii) pentru serviciul pe care l-a\u0163i ales pentru oricare asemenea\u00a0condi\u0163ii \u00eenainte de a efectua Rezervarea sejurului.\u00a0<\/strong><\/p><p><strong>4. Politici tarifare practicate<\/strong><\/p><p>a) Politica flexibila:\u00a0Rezervarea este garantat\u0103 p\u00e2n\u0103 la ora 16:00 din ziua\u00a0sosirii. Nu este necesar\u0103 plata pe loc sau furnizarea de detalii card. Plata\u00a0sejurului se face la Receptie la check-in. Daca oaspetele ajunge dup\u0103 ora\u00a016:00, rezervarea nu mai poate fi \u00eendeplinit\u0103.<\/p><p>b)Politica semi-flexibila: Rezervarea este confirmata imediat pe e-mailul dvs.\u00a0Furnizarea detaliilor de card este obligatorie. Cardul dvs va fi pre-autorizat\u00a0de proprietatea noastr\u0103 cu suma echivalenta primei nopti de cazare pentru a\u00a0garanta rezervarea.\u00a0<strong>HOTEL\u00a0STIL<\/strong>\u00a0isi rezerva dreptul de a anula rezervarea daca se\u00a0afla in imposibilitatea prea-autorizarii cardului.\u00a0Plata integrala a\u00a0sejurului se face la Receptie la sosire.\u00a0<\/p><p>c)Oferta de weekend:\u00a0\u00a0Rezervarea este confirmata imediat pe e-mailul\u00a0dvs. Furnizarea detaliilor de card este obligatorie. Cardul dvs va fi\u00a0pre-autorizat de proprietatea noastra cu suma echivalenta primei nopti de\u00a0cazare pentru a garanta rezervarea.\u00a0<strong>HOTEL\u00a0STIL<\/strong>\u00a0isi rezerva dreptul de a anula rezervarea daca se\u00a0afla in imposibilitatea prea-autorizarii cardului.\u00a0Plata integrala a\u00a0sejurului se face la Receptie la sosire.\u00a0<\/p><p>d)Oferta nerambursabila: Rezervarea este confirmata imediat pe email dvs.\u00a0Furnizarea detaliilor de card este obligatorie. Cardul dvs va fi debitat\u00a0imediat dupa rezervare (fara posibilitate de rambursare) cu suma echivalenta\u00a0sejurului rezervat\u00a0pentru a garanta rezervarea.\u00a0<strong>HOTEL STIL<\/strong>\u00a0isi\u00a0rezerva dreptul de a anula imediat rezervarea daca se afla in imposibilitatea\u00a0incasarii in avans a sumei integrale a sejurului rezervat.\u00a0<\/p><p><strong>5. Conditii de modificare si anulare\/neprezentare<\/strong><\/p><p>a)Politica flexibila: Oaspetele poate modifica\/anula gratuit pana la ora 16:00 a\u00a0zilei de sosire.\u00a0Daca oaspetele nu soseste pana la ora 16:00, rezervarea\u00a0va fi anulata automat de catre proprietate.\u00a0<\/p><p>b)Politica semi-flexibila: Oaspetele poate modifica\/anula gratuit cu pana la 24h\u00a0inainte de ziua sosirii ora 14:00. Dupa acest timp, orice modificare atrage\u00a0dupa sine plata sumei echivalenta cu prima noapte de cazare. Neprezentarea la rezervare va fi penalizata cu suma echivalenta primei nopti de cazare\u00a0si\u00a0anularea sejurului.<\/p><p>c)Oferta de weekend:\u00a0Oaspetele poate modifica\/anula gratuit cu pana la 24h\u00a0inainte de ziua sosirii ora 14:00. Dupa acest timp, orice modificare atrage dupa sine plata sumei echivalenta cu prima noapte de cazare. Neprezentarea la\u00a0rezervare va fi penalizata cu suma echivalenta primei nopti de cazare\u00a0si\u00a0anularea sejurului.<\/p><p>d)Oferta nerambursabila: Orice modificare sau anulare atrage dupa sine pierderea\u00a0tuturor platilor efectuate in avans. Nu ve\u0163i avea dreptul la nicio rambursare a\u00a0oric\u0103rei sume (nerambursabile) pl\u0103tite \u00een avans, cu excep\u0163ia cazului \u00een care\u00a0<strong>HOTEL STIL<\/strong>\u00a0este\u00a0de acord cu sau permite altceva prin politica sa de plat\u0103 (\u00een avans) sau\u00a0anulare.\u00a0<\/p><p><strong>6. Servicii incluse si servicii suplimentare<\/strong><\/p><p>Fiecarerezervare la cazare include: cazare in camere confortabile, mic-dejun delicios,\u00a0internet wi-fi nelimitat, 24\/7 parcare gratuita.<\/p><p>Servicii suplimentare pot fi rezervate impreuna cu serviciile de cazare precum: vin spumant in camera, check-out tarziu, bicicleta de inchiriat. Aceste servicii\u00a0sunt contra-cost si necesita confirmare ulterioara rezervarii din partea\u00a0<strong>HOTEL STIL.\u00a0<\/strong><\/p><h4>7. Plata<\/h4><p>Plata\u00a0se efectueaza cu cardul bancar in sistemul de plati securizat furnizat de catre\u00a0platforma de rezervari. Detaliile de card sunt trimise in siguranta direct la\u00a0hotel.\u00a0<strong>Nu ve\u021bi\u00a0considera\u00a0HOTEL STIL\u00a0r\u0103spunz\u0103tor pentru orice tax\u0103 (autorizat\u0103,\u00a0presupus\u0103 sau gre\u0219it\u0103, inclusiv pentru pre\u021burile pl\u0103tite \u00een avans, neprezentare\u00a0\u0219i anulare cu plat\u0103) a cardului dumneavoastr\u0103 de debit\/credit.<\/strong><\/p><p><strong>8. Dispozi\u021bii finale<\/strong><\/p><p>Prin\u00a0ini\u021bializarea unei rezerv\u0103ri, clientul accept\u0103 termenii \u0219i condi\u021biile de rezervare,\u00a0f\u0103r\u0103 obiec\u021bii, acestea av\u00e2nd valoarea unui contract.\u00a0<strong>HOTEL STIL\u00a0<\/strong>\u00a0\u00ee\u0219i rezerv\u0103 dreptul de a schimba aceste prevederi \u0219i website-ul<strong>\u00a0<\/strong>\u00een orice fel, f\u0103r\u0103 a anun\u021ba utilizatorii \u00een prealabil.<\/p><p><strong>9. Litigii<\/strong>\u00a0<\/p><p>Drepturile\u00a0si obligatiile utilizatorilor site-ului, prevazute de Termeni si Conditii,\u00a0precum si toate efectele juridice pe care le produc Termenii si Conditiile, vor\u00a0fi interpretate si guvernate in conformitate cu legea romana in vigoare. Orice\u00a0litigiu nascut din sau in legatura cu Termenii si Conditiile acestui site va fi\u00a0solutionat\u00a0\u00a0mai intai pe cale amiabila. In caz de imposibilitate de a\u00a0ajunge la un acord, litigiul va fi solutionat de catre instanta judecatoreasca\u00a0romana competenta.<\/p><\/div><\/div><\/div><div class=\"elementor-element elementor-element-6e2d314 elementor-widget elementor-widget-heading\" data-id=\"6e2d314\" data-element_type=\"widget\" data-widget_type=\"heading.default\"><div class=\"elementor-widget-container\"><h5 class=\"elementor-heading-title elementor-size-default\">Servicii incluse<\/h5><\/div><\/div><div class=\"elementor-element elementor-element-a4bd75c elementor-widget elementor-widget-text-editor\" data-id=\"a4bd75c\" data-element_type=\"widget\" data-widget_type=\"text-editor.default\"><div class=\"elementor-widget-container\"><div class=\"elementor-text-editor elementor-clearfix\"><p>Mic-dejun<br \/>Internet wireless<br \/>Parcare supravegheat\u0103<br \/>Recep\u021bie deschisa 24\/7<br \/>Seif disponibil la recep\u021bie<br \/>Netbook disponibil la cerere<br \/>Servicii de fitness \u0219i sport<\/p><\/div><\/div><\/div><div class=\"elementor-element elementor-element-88b7f1e elementor-widget elementor-widget-heading\" data-id=\"88b7f1e\" data-element_type=\"widget\" data-widget_type=\"heading.default\"><div class=\"elementor-widget-container\"><h5 class=\"elementor-heading-title elementor-size-default\">Servicii disponibile contra cost<\/h5><\/div><\/div><div class=\"elementor-element elementor-element-21f8209 elementor-widget elementor-widget-text-editor\" data-id=\"21f8209\" data-element_type=\"widget\" data-widget_type=\"text-editor.default\"><div class=\"elementor-widget-container\"><div class=\"elementor-text-editor elementor-clearfix\">Servicii de sp\u0103lat \u0219i c\u0103lcat haine<br \/>Serviciu de inchiriere sal\u0103 de conferin\u021b\u0103<br \/>Serviciu de servire mas\u0103 \u00een restaurant<\/div><\/div><\/div><div class=\"elementor-element elementor-element-b4c5944 elementor-widget elementor-widget-heading\" data-id=\"b4c5944\" data-element_type=\"widget\" data-widget_type=\"heading.default\"><div class=\"elementor-widget-container\"><h5 class=\"elementor-heading-title elementor-size-default\">Informa\u021bii utile<\/h5><\/div><\/div><div class=\"elementor-element elementor-element-90c1da0 elementor-widget elementor-widget-text-editor\" data-id=\"90c1da0\" data-element_type=\"widget\" data-widget_type=\"text-editor.default\"><div class=\"elementor-widget-container\"><div class=\"elementor-text-editor elementor-clearfix\">Check-in: dup\u0103 ora 14:00<br \/>Check-out: \u00eenainte de ora 11:00<br \/>Politic\u0103 copii: Un copil p\u00e2n\u0103 \u00een 6 ani poate dormi cu p\u0103rin\u021bii dac\u0103 folose\u0219te paturile existente.<br \/>Orar de servire mic-dejun: 07:00-09:00<br \/>Orar de func\u021bionare restaurant: 07:00-23:00<br \/>C\u0103r\u021bi de credit acceptate: VISA, MasterCard<br \/>Tichete de vacan\u021b\u0103 acceptate: Sodexo, Edenred, Up<br \/>Acces animale: nepermis<br \/><em>Dac\u0103 sunte\u021bi fum\u0103tor v\u0103 rug\u0103m solicita\u021bi o camer\u0103 cu balcon! V\u0103 mul\u021bumim<\/em><\/div><\/div><\/div>\t\t\t\t\t<\/div>\n\t\t\t\t\t\t<\/div>\n\t\t\t\t<\/div>\n\t\t\t\t\t\t<\/div>\n\t\t\t\t\t<\/div>\n\t\t<\/div>\n\t\t\t\t\t\t\t\t<\/div>\n\t\t\t\t\t<\/div>\n\t\t<\/section>\n\t\t\t\t\t\t\t\t\t<\/div>\n\t\t\t<\/div>\n\t\t\t\t\t<\/div>\n\t\t","protected":false},"excerpt":{"rendered":"<p>Termenii \u0219i condi\u021biile de rezervare ANDRA COM INTERNATIONAL SERVICE S.R.L. sub denumirea comerciala de HOTEL STIL , cu sediul in Cluj-Napoca, Strada Fagetului nr.5B, inregistrata la Registrul Comertului\u00a0\u00a0sub nr. J12\/3725\/1991, CUI\u00a0 RO 228409, in calitate de proprietar al\u00a0website-ului www.hotelstil.com,\u00a0isi rezerva dreptul de a schimba si\u00a0actualiza in orice moment continutul acestui website, precum\u00a0 si Termenii\u00a0si conditiile &hellip;<\/p>\n<p class=\"read-more\"> <a class=\"\" href=\"https:\/\/salaevenimentecluj.ro\/index.php\/termenii-si-conditiile-de-rezervare\/\"> <span class=\"screen-reader-text\">Termenii \u0219i condi\u021biile de rezervare<\/span> Read More &raquo;<\/a><\/p>\n","protected":false},"author":1,"featured_media":0,"parent":0,"menu_order":0,"comment_status":"closed","ping_status":"closed","template":"","meta":{"inline_featured_image":false,"footnotes":""},"class_list":["post-1333","page","type-page","status-publish","hentry"],"aioseo_notices":[],"_links":{"self":[{"href":"https:\/\/salaevenimentecluj.ro\/index.php\/wp-json\/wp\/v2\/pages\/1333","targetHints":{"allow":["GET"]}}],"collection":[{"href":"https:\/\/salaevenimentecluj.ro\/index.php\/wp-json\/wp\/v2\/pages"}],"about":[{"href":"https:\/\/salaevenimentecluj.ro\/index.php\/wp-json\/wp\/v2\/types\/page"}],"author":[{"embeddable":true,"href":"https:\/\/salaevenimentecluj.ro\/index.php\/wp-json\/wp\/v2\/users\/1"}],"replies":[{"embeddable":true,"href":"https:\/\/salaevenimentecluj.ro\/index.php\/wp-json\/wp\/v2\/comments?post=1333"}],"version-history":[{"count":4,"href":"https:\/\/salaevenimentecluj.ro\/index.php\/wp-json\/wp\/v2\/pages\/1333\/revisions"}],"predecessor-version":[{"id":1337,"href":"https:\/\/salaevenimentecluj.ro\/index.php\/wp-json\/wp\/v2\/pages\/1333\/revisions\/1337"}],"wp:attachment":[{"href":"https:\/\/salaevenimentecluj.ro\/index.php\/wp-json\/wp\/v2\/media?parent=1333"}],"curies":[{"name":"wp","href":"https:\/\/api.w.org\/{rel}","templated":true}]}}